{"id":7363,"date":"2020-05-15T00:40:06","date_gmt":"2020-05-14T23:40:06","guid":{"rendered":"https:\/\/profilschleifenc-zx2o4rlb5.live-website.com\/?page_id=7363"},"modified":"2020-07-01T12:32:25","modified_gmt":"2020-07-01T11:32:25","slug":"rectification-plane-double-face","status":"publish","type":"page","link":"https:\/\/profilschleifen.ch\/?page_id=7363","title":{"rendered":"rectification plane double face"},"content":{"rendered":"<section class=\"l-section wpb_row us_custom_e11ab399 height_medium\" id=\"allgemein\"><div class=\"l-section-h i-cf\"><div class=\"g-cols vc_row via_flex valign_top type_default stacking_default\"><div class=\"vc_col-sm-12 wpb_column vc_column_container\"><div class=\"vc_column-inner\"><div class=\"wpb_wrapper\">[vc_custom_heading text=&#8220;HONAGE PLAN OU RECTIFICATION PLANE DOUBLE FACE<br \/>\n&#8220; font_container=&#8220;tag:h2|text_align:center&#8220; use_theme_fonts=&#8220;yes&#8220; css=&#8220;%7B%22default%22%3A%7B%22color%22%3A%22%2371c7e3%22%7D%7D&#8220;]<div class=\"g-cols wpb_row via_flex valign_top type_default stacking_default\"><div class=\"vc_col-sm-6 wpb_column vc_column_container\"><div class=\"vc_column-inner\"><div class=\"wpb_wrapper\"><div class=\"wpb_text_column\"><div class=\"wpb_wrapper\"><p style=\"text-align: justify;\">La rectification plane double face est utilis\u00e9e pour usiner les pi\u00e8ces qui posent des exigences \u00e9lev\u00e9es en mati\u00e8re de plan\u00e9it\u00e9 et de tol\u00e9rance d\u2019\u00e9paisseur.<\/p>\n<p style=\"text-align: justify;\">Les pi\u00e8ces \u00e0 usiner sont plac\u00e9es dans des satellites (disques de rotor) \u00e0 denture ext\u00e9rieure (plastique, acier, etc.) et d\u00e9plac\u00e9es \u00e0 la surface au moyen de la couronne sur les disques de meulage dispos\u00e9s horizontalement. Les meules et les satellites sont donc entra\u00een\u00e9s dans leur mouvement. Les diff\u00e9rents mouvements relatifs entre les partenaires actifs sont g\u00e9n\u00e9r\u00e9s par des mouvements de rotation des meules et de la couronne int\u00e9rieure g\u00e9n\u00e9rant ainsi des courbes de trajectoire cycliques.<\/p>\n<\/div><\/div><\/div><\/div><\/div><div class=\"vc_col-sm-6 wpb_column vc_column_container\"><div class=\"vc_column-inner\"><div class=\"wpb_wrapper\"><div class=\"w-slider style_none fit_scaledown nav_none count_5\"><div class=\"w-slider-h\"><div class=\"royalSlider\"><div class=\"rsContent\"><a class=\"rsImg\" data-rsw=\"600\" data-rsh=\"363\" href=\"https:\/\/profilschleifen.ch\/wp-content\/uploads\/2020\/04\/wolters-ac1000-schleifen-doppelplanschleifen-flachhonen_2-600x363.jpg\"><span data-alt=\"\"><\/span><\/a><\/div><div class=\"rsContent\"><a class=\"rsImg\" data-rsw=\"600\" data-rsh=\"339\" href=\"https:\/\/profilschleifen.ch\/wp-content\/uploads\/2017\/03\/Flachhonen-doppelplanschleifen-wild-wetzikon-ag-e1503939540838.jpg\"><span data-alt=\"Flachhonen-doppelplanschleifen-wild-wetzikon-ag\"><\/span><\/a><\/div><div class=\"rsContent\"><a class=\"rsImg\" data-rsw=\"600\" data-rsh=\"400\" href=\"https:\/\/profilschleifen.ch\/wp-content\/uploads\/2020\/05\/IMG_0918_1000px-600x400.jpg\"><span data-alt=\"\"><\/span><\/a><\/div><div class=\"rsContent\"><a class=\"rsImg\" data-rsw=\"600\" data-rsh=\"400\" href=\"https:\/\/profilschleifen.ch\/wp-content\/uploads\/2016\/11\/flachhonen-messing-schleifen-cuzn39pb2-cuzn37-cuzn5-neusilber-titan-e1503939753868.jpg\"><span data-alt=\"Anwendungsbereiche Flachhonen\"><\/span><\/a><\/div><div class=\"rsContent\"><a class=\"rsImg\" data-rsw=\"600\" data-rsh=\"400\" href=\"https:\/\/profilschleifen.ch\/wp-content\/uploads\/2017\/03\/oberfl\u00e4chen-pr\u00fcfger\u00e4t-messung-rauheit-e1503938747134.jpg\"><span data-alt=\"\"><\/span><\/a><\/div><\/div><img decoding=\"async\" src=\"https:\/\/profilschleifen.ch\/wp-content\/uploads\/2020\/04\/wolters-ac1000-schleifen-doppelplanschleifen-flachhonen_2-600x363.jpg\" width=\"600\" height=\"363\" alt loading=\"lazy\"><\/div><div class=\"w-slider-json\" onclick='return {&quot;autoScaleSlider&quot;:true,&quot;addActiveClass&quot;:true,&quot;loop&quot;:true,&quot;fadeInLoadedSlide&quot;:false,&quot;slidesSpacing&quot;:0,&quot;imageScalePadding&quot;:0,&quot;numImagesToPreload&quot;:2,&quot;arrowsNav&quot;:false,&quot;arrowsNavAutoHide&quot;:false,&quot;transitionType&quot;:&quot;move&quot;,&quot;transitionSpeed&quot;:250,&quot;block&quot;:{&quot;moveEffect&quot;:&quot;none&quot;,&quot;speed&quot;:300},&quot;thumbs&quot;:{&quot;fitInViewport&quot;:false,&quot;firstMargin&quot;:false,&quot;spacing&quot;:4},&quot;controlNavigation&quot;:&quot;none&quot;,&quot;autoplay&quot;:{&quot;enabled&quot;:true,&quot;pauseOnHover&quot;:true,&quot;delay&quot;:3000},&quot;autoScaleSliderWidth&quot;:600,&quot;autoScaleSliderHeight&quot;:363}'><\/div><\/div><\/div><\/div><\/div><\/div><div class=\"g-cols wpb_row via_flex valign_top type_default stacking_default\"><div class=\"vc_col-sm-12 wpb_column vc_column_container\"><div class=\"vc_column-inner\"><div class=\"wpb_wrapper\"><div class=\"wpb_text_column\"><div class=\"wpb_wrapper\"><p>Dans le cas de t\u00f4les lamin\u00e9es, de pi\u00e8ces estamp\u00e9es ou forg\u00e9es, de pi\u00e8ces tremp\u00e9es ou trait\u00e9es, mais aussi de pi\u00e8ces moul\u00e9es, des tensions peuvent \u00eatre pr\u00e9sentes dans le mat\u00e9riau. En rectifiant simultan\u00e9ment des deux c\u00f4t\u00e9s les deux surfaces planes ext\u00e9rieures, la distorsion de contrainte lib\u00e9r\u00e9e est neutralis\u00e9e et les pi\u00e8ces sont particuli\u00e8rement planes apr\u00e8s l\u2019usinage.<\/p>\n<p>Cette m\u00e9thode d\u2019usinage est adapt\u00e9e aux pi\u00e8ces planes \u00e0 partir des s\u00e9ries moyennes, o\u00f9 des exigences particuli\u00e8res sont pos\u00e9es en mati\u00e8re de tol\u00e9rance d\u2019\u00e9paisseur et de plan\u00e9it\u00e9. Par rapport au rodage conventionnel, des \u00e9conomies peuvent \u00eatre r\u00e9alis\u00e9es gr\u00e2ce \u00e0 une r\u00e9duction significative des temps d\u2019usinage et au nettoyage beaucoup plus facile des pi\u00e8ces.<\/p>\n<p>Gr\u00e2ce aussi au montage sans contrainte ni tension des pi\u00e8ces dans les satellites, presque tous les mat\u00e9riaux solides peuvent \u00eatre trait\u00e9s. Le champ d\u2019application est tr\u00e8s large, par exemple les bagues de palier, les disques d\u2019\u00e9tanch\u00e9it\u00e9, les bagues d\u2019\u00e9cartement, les t\u00f4les, les barquettes et les plaques sont ainsi rectifi\u00e9s de mani\u00e8re fiable et pr\u00e9cise tout en r\u00e9pondant aux normes de qualit\u00e9 les plus \u00e9lev\u00e9es.<\/p>\n<\/div><\/div><\/div><\/div><\/div><\/div><div class=\"g-cols wpb_row via_flex valign_top type_default stacking_default\" id=\"material\"><div class=\"vc_col-sm-3 wpb_column vc_column_container\"><div class=\"vc_column-inner\"><div class=\"wpb_wrapper\"><\/div><\/div><\/div><div class=\"vc_col-sm-6 wpb_column vc_column_container\"><div class=\"vc_column-inner\"><div class=\"wpb_wrapper\"><div class=\"w-separator size_custom\" style=\"height:20px\"><\/div>[vc_custom_heading text=&#8220;Mat\u00e9riaux&#8220; font_container=&#8220;tag:h3|text_align:center&#8220; use_theme_fonts=&#8220;yes&#8220; css=&#8220;%7B%22default%22%3A%7B%22border-style%22%3A%22solid%22%2C%22border-bottom-width%22%3A%221px%22%7D%7D&#8220;]<div class=\"wpb_text_column\"><div class=\"wpb_wrapper\"><p>Lors de la rectification plane double face, les pi\u00e8ces sont guid\u00e9es, pendant l\u2019usinage, entre les disques de meulage par liaison de forme dans les porte-pi\u00e8ces. Ce proc\u00e9d\u00e9 de meulage est donc particuli\u00e8rement adapt\u00e9 aux m\u00e9taux non magn\u00e9tiques ainsi qu\u2019\u00e0 l\u2019acier magn\u00e9tique:<\/p>\n<ul>\n<li>Acier doux, dur, tremp\u00e9, trait\u00e9<\/li>\n<li>Acier inoxydable (V2A, V4A, Inox)<\/li>\n<li>M\u00e9tal dur<\/li>\n<li>Titane, maillechort<\/li>\n<li>M\u00e9taux non ferreux (laiton, cuivre, aluminium)<\/li>\n<li>C\u00e9ramique<\/li>\n<li>Autres mat\u00e9riaux sur demande<\/li>\n<\/ul>\n<\/div><\/div><\/div><\/div><\/div><div class=\"vc_col-sm-3 wpb_column vc_column_container\"><div class=\"vc_column-inner\"><div class=\"wpb_wrapper\"><\/div><\/div><\/div><\/div><div class=\"g-cols wpb_row us_custom_af6a9b6a via_flex valign_middle type_default stacking_default\"><div class=\"vc_col-sm-3 wpb_column vc_column_container\"><div class=\"vc_column-inner\"><div class=\"wpb_wrapper\"><\/div><\/div><\/div><div class=\"vc_col-sm-6 wpb_column vc_column_container\"><div class=\"vc_column-inner\"><div class=\"wpb_wrapper\"><div class=\"ult-spacer spacer-69fb3974a5600\" data-id=\"69fb3974a5600\" data-height=\"\" data-height-mobile=\"\" data-height-tab=\"\" data-height-tab-portrait=\"\" data-height-mobile-landscape=\"\" style=\"clear:both;display:block;\"><\/div>[vc_custom_heading text=&#8220;Dimensions Usinables&#8220; font_container=&#8220;tag:h3|text_align:center&#8220; use_theme_fonts=&#8220;yes&#8220; css=&#8220;%7B%22default%22%3A%7B%22border-style%22%3A%22solid%22%2C%22border-bottom-width%22%3A%221px%22%7D%7D&#8220;]<div class=\"ult-spacer spacer-69fb3974a5611\" data-id=\"69fb3974a5611\" data-height=\"20\" data-height-mobile=\"20\" data-height-tab=\"20\" data-height-tab-portrait=\"\" data-height-mobile-landscape=\"\" style=\"clear:both;display:block;\"><\/div><\/div><\/div><\/div><div class=\"vc_col-sm-3 wpb_column vc_column_container\"><div class=\"vc_column-inner\"><div class=\"wpb_wrapper\"><\/div><\/div><\/div><\/div><div class=\"g-cols wpb_row via_flex valign_top type_default stacking_default\"><div class=\"vc_col-sm-3 wpb_column vc_column_container\"><div class=\"vc_column-inner\"><div class=\"wpb_wrapper\"><\/div><\/div><\/div><div class=\"vc_col-sm-3 wpb_column vc_column_container\"><div class=\"vc_column-inner\"><div class=\"wpb_wrapper\"><div class=\"w-iconbox iconpos_top style_default color_custom align_center\"><div class=\"w-iconbox-icon\" style=\"font-size:2rem;--icon-color:#5e5b59;\"><i class=\"fas fa-life-ring\"><\/i><\/div><div class=\"w-iconbox-meta\"><h5 class=\"w-iconbox-title\">DIAM\u00c8TRE DE LA PI\u00c8CE<\/h5><div class=\"w-iconbox-text\"><p>jusqu\u2019\u00e0 max. 290mm<\/p>\n<\/div><\/div><\/div><\/div><\/div><\/div><div class=\"vc_col-sm-3 wpb_column vc_column_container\"><div class=\"vc_column-inner\"><div class=\"wpb_wrapper\"><div class=\"w-iconbox iconpos_top style_default color_custom align_center\"><div class=\"w-iconbox-icon\" style=\"font-size:2rem;--icon-color:#5e5b59;\"><i class=\"fas fa-arrows-alt-v\"><\/i><\/div><div class=\"w-iconbox-meta\"><h5 class=\"w-iconbox-title\">HAUTEUR DES PI\u00c8CES<\/h5><div class=\"w-iconbox-text\"><p>jusqu\u2019\u00e0 max. 100mm<\/p>\n<\/div><\/div><\/div><\/div><\/div><\/div><div class=\"vc_col-sm-3 wpb_column vc_column_container\"><div class=\"vc_column-inner\"><div class=\"wpb_wrapper\"><\/div><\/div><\/div><\/div><\/div><\/div><\/div><\/div><\/div><\/section><section class=\"l-section wpb_row height_medium\"><div class=\"l-section-h i-cf\"><div class=\"g-cols vc_row via_flex valign_top type_default stacking_default\"><div class=\"vc_col-sm-12 wpb_column vc_column_container\"><div class=\"vc_column-inner\"><div class=\"wpb_wrapper\"><div class=\"ult-spacer spacer-69fb3974a60ec\" data-id=\"69fb3974a60ec\" data-height=\"32\" data-height-mobile=\"32\" data-height-tab=\"32\" data-height-tab-portrait=\"\" data-height-mobile-landscape=\"\" style=\"clear:both;display:block;\"><\/div><\/div><\/div><\/div><\/div><\/div><\/section>\n","protected":false},"excerpt":{"rendered":"[vc_custom_heading text=\"HONAGE PLAN OU RECTIFICATION PLANE DOUBLE FACE \" font_container=\"tag:h2|text_align:center\" use_theme_fonts=\"yes\" css=\"%7B%22default%22%3A%7B%22color%22%3A%22%2371c7e3%22%7D%7D\"]La rectification plane double face est utilis\u00e9e pour usiner les pi\u00e8ces qui posent des exigences \u00e9lev\u00e9es en mati\u00e8re de plan\u00e9it\u00e9 et de tol\u00e9rance d\u2019\u00e9paisseur. Les pi\u00e8ces \u00e0 usiner sont plac\u00e9es dans des satellites (disques de rotor) \u00e0 denture ext\u00e9rieure (plastique, acier, etc.) et d\u00e9plac\u00e9es...","protected":false},"author":2,"featured_media":0,"parent":0,"menu_order":0,"comment_status":"closed","ping_status":"closed","template":"","meta":{"footnotes":""},"class_list":["post-7363","page","type-page","status-publish","hentry"],"yoast_head":"<!-- This site is optimized with the Yoast SEO plugin v27.5 - https:\/\/yoast.com\/product\/yoast-seo-wordpress\/ -->\n<title>Flachhonen - Doppelplanschleifen auf Peter Wolters Maschinen<\/title>\n<meta name=\"description\" content=\"Wir sind Ihr Partner im Bereich Doppelplanschleifen. Unser hochwertiger Maschinenpark erm\u00f6glicht es, h\u00f6chsten Qualit\u00e4tsanspr\u00fcchen gerecht zu werden.\" \/>\n<meta name=\"robots\" content=\"index, follow, max-snippet:-1, max-image-preview:large, max-video-preview:-1\" \/>\n<link rel=\"canonical\" href=\"https:\/\/profilschleifen.ch\/?page_id=7363\" \/>\n<meta property=\"og:locale\" content=\"de_DE\" \/>\n<meta property=\"og:type\" content=\"article\" \/>\n<meta property=\"og:title\" content=\"Flachhonen - Doppelplanschleifen auf Peter Wolters Maschinen\" \/>\n<meta property=\"og:description\" content=\"Wir sind Ihr Partner im Bereich Doppelplanschleifen. Unser hochwertiger Maschinenpark erm\u00f6glicht es, h\u00f6chsten Qualit\u00e4tsanspr\u00fcchen gerecht zu werden.\" \/>\n<meta property=\"og:url\" content=\"https:\/\/profilschleifen.ch\/?page_id=7363\" \/>\n<meta property=\"og:site_name\" content=\"Wild Wetzikon AG\" \/>\n<meta property=\"article:modified_time\" content=\"2020-07-01T11:32:25+00:00\" \/>\n<meta name=\"twitter:card\" content=\"summary_large_image\" \/>\n<meta name=\"twitter:label1\" content=\"Gesch\u00e4tzte Lesezeit\" \/>\n\t<meta name=\"twitter:data1\" content=\"4\u00a0Minuten\" \/>\n<script type=\"application\/ld+json\" class=\"yoast-schema-graph\">{\"@context\":\"https:\\\/\\\/schema.org\",\"@graph\":[{\"@type\":\"WebPage\",\"@id\":\"https:\\\/\\\/profilschleifen.ch\\\/?page_id=7363\",\"url\":\"https:\\\/\\\/profilschleifen.ch\\\/?page_id=7363\",\"name\":\"Flachhonen - Doppelplanschleifen auf Peter Wolters Maschinen\",\"isPartOf\":{\"@id\":\"https:\\\/\\\/profilschleifen.ch\\\/#website\"},\"datePublished\":\"2020-05-14T23:40:06+00:00\",\"dateModified\":\"2020-07-01T11:32:25+00:00\",\"description\":\"Wir sind Ihr Partner im Bereich Doppelplanschleifen. Unser hochwertiger Maschinenpark erm\u00f6glicht es, h\u00f6chsten Qualit\u00e4tsanspr\u00fcchen gerecht zu werden.\",\"breadcrumb\":{\"@id\":\"https:\\\/\\\/profilschleifen.ch\\\/?page_id=7363#breadcrumb\"},\"inLanguage\":\"de\",\"potentialAction\":[{\"@type\":\"ReadAction\",\"target\":[\"https:\\\/\\\/profilschleifen.ch\\\/?page_id=7363\"]}]},{\"@type\":\"BreadcrumbList\",\"@id\":\"https:\\\/\\\/profilschleifen.ch\\\/?page_id=7363#breadcrumb\",\"itemListElement\":[{\"@type\":\"ListItem\",\"position\":1,\"name\":\"Homepage\",\"item\":\"https:\\\/\\\/profilschleifen.ch\\\/\"},{\"@type\":\"ListItem\",\"position\":2,\"name\":\"rectification plane double face\"}]},{\"@type\":\"WebSite\",\"@id\":\"https:\\\/\\\/profilschleifen.ch\\\/#website\",\"url\":\"https:\\\/\\\/profilschleifen.ch\\\/\",\"name\":\"Wild Wetzikon AG\",\"description\":\"Pr\u00e4zision in Schleifen\",\"potentialAction\":[{\"@type\":\"SearchAction\",\"target\":{\"@type\":\"EntryPoint\",\"urlTemplate\":\"https:\\\/\\\/profilschleifen.ch\\\/?s={search_term_string}\"},\"query-input\":{\"@type\":\"PropertyValueSpecification\",\"valueRequired\":true,\"valueName\":\"search_term_string\"}}],\"inLanguage\":\"de\"}]}<\/script>\n<!-- \/ Yoast SEO plugin. -->","yoast_head_json":{"title":"Flachhonen - Doppelplanschleifen auf Peter Wolters Maschinen","description":"Wir sind Ihr Partner im Bereich Doppelplanschleifen. Unser hochwertiger Maschinenpark erm\u00f6glicht es, h\u00f6chsten Qualit\u00e4tsanspr\u00fcchen gerecht zu werden.","robots":{"index":"index","follow":"follow","max-snippet":"max-snippet:-1","max-image-preview":"max-image-preview:large","max-video-preview":"max-video-preview:-1"},"canonical":"https:\/\/profilschleifen.ch\/?page_id=7363","og_locale":"de_DE","og_type":"article","og_title":"Flachhonen - Doppelplanschleifen auf Peter Wolters Maschinen","og_description":"Wir sind Ihr Partner im Bereich Doppelplanschleifen. Unser hochwertiger Maschinenpark erm\u00f6glicht es, h\u00f6chsten Qualit\u00e4tsanspr\u00fcchen gerecht zu werden.","og_url":"https:\/\/profilschleifen.ch\/?page_id=7363","og_site_name":"Wild Wetzikon AG","article_modified_time":"2020-07-01T11:32:25+00:00","twitter_card":"summary_large_image","twitter_misc":{"Gesch\u00e4tzte Lesezeit":"4\u00a0Minuten"},"schema":{"@context":"https:\/\/schema.org","@graph":[{"@type":"WebPage","@id":"https:\/\/profilschleifen.ch\/?page_id=7363","url":"https:\/\/profilschleifen.ch\/?page_id=7363","name":"Flachhonen - Doppelplanschleifen auf Peter Wolters Maschinen","isPartOf":{"@id":"https:\/\/profilschleifen.ch\/#website"},"datePublished":"2020-05-14T23:40:06+00:00","dateModified":"2020-07-01T11:32:25+00:00","description":"Wir sind Ihr Partner im Bereich Doppelplanschleifen. Unser hochwertiger Maschinenpark erm\u00f6glicht es, h\u00f6chsten Qualit\u00e4tsanspr\u00fcchen gerecht zu werden.","breadcrumb":{"@id":"https:\/\/profilschleifen.ch\/?page_id=7363#breadcrumb"},"inLanguage":"de","potentialAction":[{"@type":"ReadAction","target":["https:\/\/profilschleifen.ch\/?page_id=7363"]}]},{"@type":"BreadcrumbList","@id":"https:\/\/profilschleifen.ch\/?page_id=7363#breadcrumb","itemListElement":[{"@type":"ListItem","position":1,"name":"Homepage","item":"https:\/\/profilschleifen.ch\/"},{"@type":"ListItem","position":2,"name":"rectification plane double face"}]},{"@type":"WebSite","@id":"https:\/\/profilschleifen.ch\/#website","url":"https:\/\/profilschleifen.ch\/","name":"Wild Wetzikon AG","description":"Pr\u00e4zision in Schleifen","potentialAction":[{"@type":"SearchAction","target":{"@type":"EntryPoint","urlTemplate":"https:\/\/profilschleifen.ch\/?s={search_term_string}"},"query-input":{"@type":"PropertyValueSpecification","valueRequired":true,"valueName":"search_term_string"}}],"inLanguage":"de"}]}},"_links":{"self":[{"href":"https:\/\/profilschleifen.ch\/index.php?rest_route=\/wp\/v2\/pages\/7363","targetHints":{"allow":["GET"]}}],"collection":[{"href":"https:\/\/profilschleifen.ch\/index.php?rest_route=\/wp\/v2\/pages"}],"about":[{"href":"https:\/\/profilschleifen.ch\/index.php?rest_route=\/wp\/v2\/types\/page"}],"author":[{"embeddable":true,"href":"https:\/\/profilschleifen.ch\/index.php?rest_route=\/wp\/v2\/users\/2"}],"replies":[{"embeddable":true,"href":"https:\/\/profilschleifen.ch\/index.php?rest_route=%2Fwp%2Fv2%2Fcomments&post=7363"}],"version-history":[{"count":5,"href":"https:\/\/profilschleifen.ch\/index.php?rest_route=\/wp\/v2\/pages\/7363\/revisions"}],"predecessor-version":[{"id":7534,"href":"https:\/\/profilschleifen.ch\/index.php?rest_route=\/wp\/v2\/pages\/7363\/revisions\/7534"}],"wp:attachment":[{"href":"https:\/\/profilschleifen.ch\/index.php?rest_route=%2Fwp%2Fv2%2Fmedia&parent=7363"}],"curies":[{"name":"wp","href":"https:\/\/api.w.org\/{rel}","templated":true}]}}